{"id":1998,"date":"2025-12-15T16:45:47","date_gmt":"2025-12-15T15:45:47","guid":{"rendered":"https:\/\/artastone.it\/bearbeitungsarten\/"},"modified":"2026-03-25T16:19:01","modified_gmt":"2026-03-25T15:19:01","slug":"bearbeitungsarten","status":"publish","type":"page","link":"https:\/\/artastone.it\/de\/bearbeitungsarten\/","title":{"rendered":"Bearbeitungen"},"content":{"rendered":"\n<p>Die <strong>Oberfl\u00e4chenbearbeitungen <\/strong>von Naturstein in der finalen Produktionsphase sind von entscheidender Bedeutung: sie ver\u00e4ndern das <strong>Erscheinungsbild<\/strong> und die <strong>Haptik<\/strong> des Materials, beeinflussen <strong>Farbe und Struktur<\/strong>, verbessern die technischen <strong>Eigenschaften<\/strong> f\u00fcr spezifische Einsatzbereiche (Innen- oder Au\u00dfenbereich), erh\u00f6hen die <strong>Widerstandsf\u00e4higkeit <\/strong>gegen\u00fcber Witterungseinfl\u00fcssen und erleichtern die <strong>Reinigung<\/strong>. Gleichzeitig werden <strong>\u00c4sthetik<\/strong>, <strong>Sicherheit<\/strong> und <strong>Langlebigkeit<\/strong> des Natursteins optimiert, ohne dessen Qualit\u00e4t zu beeintr\u00e4chtigen.<\/p>\n","protected":false},"excerpt":{"rendered":"<p>Die Oberfl\u00e4chenbearbeitungen von Naturstein in der finalen Produktionsphase sind von entscheidender Bedeutung: sie ver\u00e4ndern das Erscheinungsbild und die Haptik des Materials, beeinflussen Farbe und Struktur, verbessern die technischen Eigenschaften f\u00fcr spezifische Einsatzbereiche (Innen- oder Au\u00dfenbereich), erh\u00f6hen die Widerstandsf\u00e4higkeit gegen\u00fcber Witterungseinfl\u00fcssen und erleichtern die Reinigung. Gleichzeitig werden \u00c4sthetik, Sicherheit und Langlebigkeit des Natursteins optimiert, ohne dessen [&hellip;]<\/p>\n","protected":false},"author":1,"featured_media":0,"parent":0,"menu_order":0,"comment_status":"closed","ping_status":"closed","template":"","meta":{"_acf_changed":false,"footnotes":""},"class_list":["post-1998","page","type-page","status-publish","hentry"],"acf":[],"_links":{"self":[{"href":"https:\/\/artastone.it\/de\/wp-json\/wp\/v2\/pages\/1998","targetHints":{"allow":["GET"]}}],"collection":[{"href":"https:\/\/artastone.it\/de\/wp-json\/wp\/v2\/pages"}],"about":[{"href":"https:\/\/artastone.it\/de\/wp-json\/wp\/v2\/types\/page"}],"author":[{"embeddable":true,"href":"https:\/\/artastone.it\/de\/wp-json\/wp\/v2\/users\/1"}],"replies":[{"embeddable":true,"href":"https:\/\/artastone.it\/de\/wp-json\/wp\/v2\/comments?post=1998"}],"version-history":[{"count":7,"href":"https:\/\/artastone.it\/de\/wp-json\/wp\/v2\/pages\/1998\/revisions"}],"predecessor-version":[{"id":2404,"href":"https:\/\/artastone.it\/de\/wp-json\/wp\/v2\/pages\/1998\/revisions\/2404"}],"wp:attachment":[{"href":"https:\/\/artastone.it\/de\/wp-json\/wp\/v2\/media?parent=1998"}],"curies":[{"name":"wp","href":"https:\/\/api.w.org\/{rel}","templated":true}]}}