{"id":1995,"date":"2025-12-15T16:44:50","date_gmt":"2025-12-15T15:44:50","guid":{"rendered":"https:\/\/artastone.it\/leistungen\/bodenbelaege-und-innenarbeiten\/"},"modified":"2026-03-26T11:26:15","modified_gmt":"2026-03-26T10:26:15","slug":"bodenbelaege-und-innenarbeiten","status":"publish","type":"page","link":"https:\/\/artastone.it\/de\/leistungen\/bodenbelaege-und-innenarbeiten\/","title":{"rendered":"Bodenbel\u00e4ge und Innenarbeiten"},"content":{"rendered":"\n<p>Unsere <strong>langj\u00e4hrige Erfahrung<\/strong> in der Verarbeitung und Verlegung von <strong>Naturstein<\/strong> und <strong>Kunststein<\/strong> erm\u00f6glicht es uns, unseren Kunden einen <strong>professionellen<\/strong>, <strong>spezialisierten<\/strong> und <strong>hochwertigen Service<\/strong> anzubieten. Damit verleihen wir Projekten im Bereich <strong>Innenausbau<\/strong>, <strong>Innenarchitektur<\/strong> und <strong>Innenraumgestaltung<\/strong> Form, Funktionalit\u00e4t und \u00c4sthetik.<\/p>\n\n\n\n<p>F\u00fcr den <strong>Innenbereich<\/strong> bieten wir insbesondere:<\/p>\n\n\n\n<ul class=\"wp-block-list\">\n<li><strong>Fachkundige und projektbezogene Beratung<\/strong>, pr\u00e4zise abgestimmt auf die Anforderungen und W\u00fcnsche unserer Kunden<\/li>\n\n\n\n<li><strong>Recherche und Auswahl der optimalen Materialien<\/strong>, um Innenr\u00e4ume stilvoll und funktional aufzuwerten<\/li>\n\n\n\n<li><strong>Liefer- und Verkaufsservice<\/strong> f\u00fcr alle ben\u00f6tigten Naturstein- und Kunststeinmaterialien<\/li>\n\n\n\n<li><strong>Produktion, Zuschnitt und Lieferung<\/strong> des Materials direkt zur Baustelle<\/li>\n\n\n\n<li><strong>Fachgerechte Verlegung und Montage<\/strong> f\u00fcr eine <strong>schl\u00fcsselfertige Komplettl\u00f6sung<\/strong> gem\u00e4\u00df allen handwerklichen Standards<\/li>\n\n\n\n<li><strong>Pflege- und Wartungshinweise<\/strong> f\u00fcr eine langfristige Werterhaltung der Oberfl\u00e4chen<\/li>\n<\/ul>\n\n\n\n<p>Mit <strong>individueller Beratung<\/strong> und <strong>ma\u00dfgeschneiderten L\u00f6sungen<\/strong> unterst\u00fctzen wir Unternehmen, private Bauherren und Fachleute aus der Baubranche. So werten wir jedes Projekt im Bereich <strong>Innenarchitektur<\/strong> nachhaltig auf \u2013 mit hochwertigen <strong>Bodenbel\u00e4gen<\/strong> und <strong>Innenausbauarbeiten<\/strong> aus <strong>Natur- und Kunststein<\/strong>.<\/p>\n","protected":false},"excerpt":{"rendered":"<p>Unsere langj\u00e4hrige Erfahrung in der Verarbeitung und Verlegung von Naturstein und Kunststein erm\u00f6glicht es uns, unseren Kunden einen professionellen, spezialisierten und hochwertigen Service anzubieten. Damit verleihen wir Projekten im Bereich Innenausbau, Innenarchitektur und Innenraumgestaltung Form, Funktionalit\u00e4t und \u00c4sthetik. F\u00fcr den Innenbereich bieten wir insbesondere: Mit individueller Beratung und ma\u00dfgeschneiderten L\u00f6sungen unterst\u00fctzen wir Unternehmen, private Bauherren [&hellip;]<\/p>\n","protected":false},"author":1,"featured_media":0,"parent":1981,"menu_order":0,"comment_status":"closed","ping_status":"closed","template":"","meta":{"_acf_changed":false,"footnotes":""},"class_list":["post-1995","page","type-page","status-publish","hentry"],"acf":[],"_links":{"self":[{"href":"https:\/\/artastone.it\/de\/wp-json\/wp\/v2\/pages\/1995","targetHints":{"allow":["GET"]}}],"collection":[{"href":"https:\/\/artastone.it\/de\/wp-json\/wp\/v2\/pages"}],"about":[{"href":"https:\/\/artastone.it\/de\/wp-json\/wp\/v2\/types\/page"}],"author":[{"embeddable":true,"href":"https:\/\/artastone.it\/de\/wp-json\/wp\/v2\/users\/1"}],"replies":[{"embeddable":true,"href":"https:\/\/artastone.it\/de\/wp-json\/wp\/v2\/comments?post=1995"}],"version-history":[{"count":2,"href":"https:\/\/artastone.it\/de\/wp-json\/wp\/v2\/pages\/1995\/revisions"}],"predecessor-version":[{"id":2166,"href":"https:\/\/artastone.it\/de\/wp-json\/wp\/v2\/pages\/1995\/revisions\/2166"}],"up":[{"embeddable":true,"href":"https:\/\/artastone.it\/de\/wp-json\/wp\/v2\/pages\/1981"}],"wp:attachment":[{"href":"https:\/\/artastone.it\/de\/wp-json\/wp\/v2\/media?parent=1995"}],"curies":[{"name":"wp","href":"https:\/\/api.w.org\/{rel}","templated":true}]}}