{"id":1990,"date":"2025-12-15T16:45:13","date_gmt":"2025-12-15T15:45:13","guid":{"rendered":"https:\/\/artastone.it\/leistungen\/elemente-fuer-den-aussenbereich\/"},"modified":"2026-03-26T11:27:48","modified_gmt":"2026-03-26T10:27:48","slug":"elemente-fur-aussenbereich","status":"publish","type":"page","link":"https:\/\/artastone.it\/de\/leistungen\/elemente-fur-aussenbereich\/","title":{"rendered":"Elemente f\u00fcr Au\u00dfenbereich"},"content":{"rendered":"\n<p><strong>Naturstein<\/strong> gilt seit jeher als ein besonders <strong>langlebiges<\/strong> und <strong>wertbest\u00e4ndiges Material<\/strong> in der Landschaftsgestaltung, da er sich harmonisch in die nat\u00fcrliche Umgebung einf\u00fcgt und Au\u00dfenbereiche dauerhaft aufwertet.<\/p>\n\n\n\n<p>Auch im Bereich der <strong>Au\u00dfenanlagen<\/strong> ist Arta\u2019 Stone auf die Lieferung von <strong>hochwertigem Naturstein<\/strong> sowie auf die Beratung f\u00fcr <strong>ma\u00dfgeschneiderte L\u00f6sungen<\/strong> spezialisiert \u2013 einschlie\u00dflich der fachgerechten Ausf\u00fchrung folgender <strong>Verlegearbeiten vor Ort<\/strong>:<\/p>\n\n\n\n<ul class=\"wp-block-list\">\n<li><strong>Steinpflasterungen und Terrassenbel\u00e4ge<\/strong> f\u00fcr Au\u00dfenbereiche<\/li>\n\n\n\n<li><strong>Natursteinstufen<\/strong> f\u00fcr Treppenanlagen<\/li>\n\n\n\n<li><strong>Mauerabdeckungen<\/strong> mit Tropfkante f\u00fcr Au\u00dfenmauern<\/li>\n\n\n\n<li><strong>Beckenrandsteine und Natursteinabschl\u00fcsse<\/strong> f\u00fcr Pools<\/li>\n\n\n\n<li><strong>Natursteinverkleidungen<\/strong> f\u00fcr S\u00e4ulen<\/li>\n<\/ul>\n","protected":false},"excerpt":{"rendered":"<p>Naturstein gilt seit jeher als ein besonders langlebiges und wertbest\u00e4ndiges Material in der Landschaftsgestaltung, da er sich harmonisch in die nat\u00fcrliche Umgebung einf\u00fcgt und Au\u00dfenbereiche dauerhaft aufwertet. Auch im Bereich der Au\u00dfenanlagen ist Arta\u2019 Stone auf die Lieferung von hochwertigem Naturstein sowie auf die Beratung f\u00fcr ma\u00dfgeschneiderte L\u00f6sungen spezialisiert \u2013 einschlie\u00dflich der fachgerechten Ausf\u00fchrung folgender [&hellip;]<\/p>\n","protected":false},"author":1,"featured_media":0,"parent":1981,"menu_order":0,"comment_status":"closed","ping_status":"closed","template":"","meta":{"_acf_changed":false,"footnotes":""},"class_list":["post-1990","page","type-page","status-publish","hentry"],"acf":[],"_links":{"self":[{"href":"https:\/\/artastone.it\/de\/wp-json\/wp\/v2\/pages\/1990","targetHints":{"allow":["GET"]}}],"collection":[{"href":"https:\/\/artastone.it\/de\/wp-json\/wp\/v2\/pages"}],"about":[{"href":"https:\/\/artastone.it\/de\/wp-json\/wp\/v2\/types\/page"}],"author":[{"embeddable":true,"href":"https:\/\/artastone.it\/de\/wp-json\/wp\/v2\/users\/1"}],"replies":[{"embeddable":true,"href":"https:\/\/artastone.it\/de\/wp-json\/wp\/v2\/comments?post=1990"}],"version-history":[{"count":3,"href":"https:\/\/artastone.it\/de\/wp-json\/wp\/v2\/pages\/1990\/revisions"}],"predecessor-version":[{"id":2292,"href":"https:\/\/artastone.it\/de\/wp-json\/wp\/v2\/pages\/1990\/revisions\/2292"}],"up":[{"embeddable":true,"href":"https:\/\/artastone.it\/de\/wp-json\/wp\/v2\/pages\/1981"}],"wp:attachment":[{"href":"https:\/\/artastone.it\/de\/wp-json\/wp\/v2\/media?parent=1990"}],"curies":[{"name":"wp","href":"https:\/\/api.w.org\/{rel}","templated":true}]}}