{"id":1981,"date":"2025-12-15T16:44:28","date_gmt":"2025-12-15T15:44:28","guid":{"rendered":"https:\/\/artastone.it\/leistungen\/"},"modified":"2026-03-25T16:15:28","modified_gmt":"2026-03-25T15:15:28","slug":"leistungen","status":"publish","type":"page","link":"https:\/\/artastone.it\/de\/leistungen\/","title":{"rendered":"Leistungen"},"content":{"rendered":"\n<p>Wir bieten <strong>Beratungs<\/strong>, <strong>Produktions<\/strong> und <strong>Lieferleistungen<\/strong> sowie <strong>professionelle Verlegeservices<\/strong> f\u00fcr L\u00f6sungen aus Natur- und Kunststein an, die f\u00fcr Innenr\u00e4ume, Au\u00dfenbereiche und Fassaden entwickelt wurden<\/p>\n","protected":false},"excerpt":{"rendered":"<p>Wir bieten Beratungs, Produktions und Lieferleistungen sowie professionelle Verlegeservices f\u00fcr L\u00f6sungen aus Natur- und Kunststein an, die f\u00fcr Innenr\u00e4ume, Au\u00dfenbereiche und Fassaden entwickelt wurden<\/p>\n","protected":false},"author":1,"featured_media":0,"parent":0,"menu_order":0,"comment_status":"closed","ping_status":"closed","template":"","meta":{"_acf_changed":false,"footnotes":""},"class_list":["post-1981","page","type-page","status-publish","hentry"],"acf":[],"_links":{"self":[{"href":"https:\/\/artastone.it\/de\/wp-json\/wp\/v2\/pages\/1981","targetHints":{"allow":["GET"]}}],"collection":[{"href":"https:\/\/artastone.it\/de\/wp-json\/wp\/v2\/pages"}],"about":[{"href":"https:\/\/artastone.it\/de\/wp-json\/wp\/v2\/types\/page"}],"author":[{"embeddable":true,"href":"https:\/\/artastone.it\/de\/wp-json\/wp\/v2\/users\/1"}],"replies":[{"embeddable":true,"href":"https:\/\/artastone.it\/de\/wp-json\/wp\/v2\/comments?post=1981"}],"version-history":[{"count":2,"href":"https:\/\/artastone.it\/de\/wp-json\/wp\/v2\/pages\/1981\/revisions"}],"predecessor-version":[{"id":2285,"href":"https:\/\/artastone.it\/de\/wp-json\/wp\/v2\/pages\/1981\/revisions\/2285"}],"wp:attachment":[{"href":"https:\/\/artastone.it\/de\/wp-json\/wp\/v2\/media?parent=1981"}],"curies":[{"name":"wp","href":"https:\/\/api.w.org\/{rel}","templated":true}]}}