{"id":1980,"date":"2025-12-15T16:45:30","date_gmt":"2025-12-15T15:45:30","guid":{"rendered":"https:\/\/artastone.it\/fassadenverkleidung-und-hinterlueftete-fassaden\/"},"modified":"2026-03-25T10:27:15","modified_gmt":"2026-03-25T09:27:15","slug":"fassadenverkleidung-und-hinterlueftete-fassaden","status":"publish","type":"page","link":"https:\/\/artastone.it\/de\/leistungen\/fassadenverkleidung-und-hinterlueftete-fassaden\/","title":{"rendered":"Fassadenverkleidung und hinterl\u00fcftete Fassaden"},"content":{"rendered":"\n<p>Dank unserer umfangreichen <strong>Materialauswahl<\/strong> und der Vielzahl an <strong>bearbeitungstechnischen M\u00f6glichkeiten<\/strong> bieten wir eine <strong>ma\u00dfgeschneiderte Beratung<\/strong>, eine <strong>pr\u00e4zise Produktion<\/strong> sowie eine <strong>fachgerechte Montage<\/strong> von <strong>hinterl\u00fcfteten Natursteinfassaden<\/strong> nach h\u00f6chsten Qualit\u00e4tsstandards.<\/p>\n\n\n\n<p>Wir realisieren <strong>hinterl\u00fcftete und w\u00e4rmeged\u00e4mmte Fassadensysteme<\/strong> gem\u00e4\u00df der <strong>DIN 185163<\/strong> und unter Einhaltung aller geltenden <strong>Vorschriften<\/strong> zu <strong>Energieeffizienz, Geb\u00e4uded\u00e4mmung<\/strong> und <strong>\u00f6kologischer Nachhaltigkeit<\/strong>. Unsere Ausf\u00fchrungen entsprechen zudem den anerkannten <strong>Umweltzertifizierungen DGNB<\/strong> (Deutsche Gesellschaft f\u00fcr Nachhaltiges Bauen e.V.) und <strong>LEED<\/strong> (U.S. Green Building Council).<\/p>\n\n\n\n<p><strong>Natursteinfassaden<\/strong> vereinen \u00c4sthetik, Energieeffizienz und Langlebigkeit und sind die ideale Wahl f\u00fcr alle, die eine <strong>hochwertige<\/strong>, <strong>innovative und moderne Au\u00dfenverkleidung suchen<\/strong>.<\/p>\n\n\n\n<p>F\u00fcr Projekte mit <strong>hinterl\u00fcfteten Natursteinfassaden<\/strong> bieten wir:<\/p>\n\n\n\n<ul class=\"wp-block-list\">\n<li><strong>Unterst\u00fctzung in der Ausf\u00fchrungs- und Montageplanung<\/strong><\/li>\n\n\n\n<li><strong>Anker-, Befestigungs- und Zubeh\u00f6rsysteme<\/strong> f\u00fcr professionelle Fassadenkonstruktionen<\/li>\n\n\n\n<li><strong>Produktion<\/strong> der Natursteinplatten f\u00fcr die Fassadenverkleidung<\/li>\n\n\n\n<li><strong>Montage der Natursteinfassade<\/strong> inklusive vollst\u00e4ndiger W\u00e4rmed\u00e4mmung<\/li>\n\n\n\n<li><strong>Baubegleitung <\/strong>und <strong>Qualit\u00e4tskontrolle<\/strong> und <strong>Projektmanagement<\/strong><\/li>\n<\/ul>\n\n\n\n<p>Die Zusammenarbeit mit uns f\u00fcr die Realisierung von <strong>hinterl\u00fcfteten Natursteinfassaden<\/strong> \u2013 f\u00fcr Einfamilienh\u00e4user, Villen oder gewerbliche Geb\u00e4ude \u2013 bedeutet, Ihr Bau- oder <strong>Architekturprojekt<\/strong> mit <strong>innovativen<\/strong>, <strong>ma\u00dfgeschneiderten<\/strong> und <strong>hochwertigen L\u00f6sungen <\/strong>nachhaltig aufzuwerten.<\/p>\n","protected":false},"excerpt":{"rendered":"<p>Dank unserer umfangreichen Materialauswahl und der Vielzahl an bearbeitungstechnischen M\u00f6glichkeiten bieten wir eine ma\u00dfgeschneiderte Beratung, eine pr\u00e4zise Produktion sowie eine fachgerechte Montage von hinterl\u00fcfteten Natursteinfassaden nach h\u00f6chsten Qualit\u00e4tsstandards. Wir realisieren hinterl\u00fcftete und w\u00e4rmeged\u00e4mmte Fassadensysteme gem\u00e4\u00df der DIN 185163 und unter Einhaltung aller geltenden Vorschriften zu Energieeffizienz, Geb\u00e4uded\u00e4mmung und \u00f6kologischer Nachhaltigkeit. Unsere Ausf\u00fchrungen entsprechen zudem den [&hellip;]<\/p>\n","protected":false},"author":1,"featured_media":0,"parent":1981,"menu_order":0,"comment_status":"closed","ping_status":"closed","template":"","meta":{"_acf_changed":false,"footnotes":""},"class_list":["post-1980","page","type-page","status-publish","hentry"],"acf":[],"_links":{"self":[{"href":"https:\/\/artastone.it\/de\/wp-json\/wp\/v2\/pages\/1980","targetHints":{"allow":["GET"]}}],"collection":[{"href":"https:\/\/artastone.it\/de\/wp-json\/wp\/v2\/pages"}],"about":[{"href":"https:\/\/artastone.it\/de\/wp-json\/wp\/v2\/types\/page"}],"author":[{"embeddable":true,"href":"https:\/\/artastone.it\/de\/wp-json\/wp\/v2\/users\/1"}],"replies":[{"embeddable":true,"href":"https:\/\/artastone.it\/de\/wp-json\/wp\/v2\/comments?post=1980"}],"version-history":[{"count":3,"href":"https:\/\/artastone.it\/de\/wp-json\/wp\/v2\/pages\/1980\/revisions"}],"predecessor-version":[{"id":2287,"href":"https:\/\/artastone.it\/de\/wp-json\/wp\/v2\/pages\/1980\/revisions\/2287"}],"up":[{"embeddable":true,"href":"https:\/\/artastone.it\/de\/wp-json\/wp\/v2\/pages\/1981"}],"wp:attachment":[{"href":"https:\/\/artastone.it\/de\/wp-json\/wp\/v2\/media?parent=1980"}],"curies":[{"name":"wp","href":"https:\/\/api.w.org\/{rel}","templated":true}]}}