{"id":1967,"date":"2025-12-15T16:46:39","date_gmt":"2025-12-15T15:46:39","guid":{"rendered":"https:\/\/artastone.it\/portfolio\/"},"modified":"2026-03-25T17:24:48","modified_gmt":"2026-03-25T16:24:48","slug":"portfolio","status":"publish","type":"page","link":"https:\/\/artastone.it\/de\/portfolio\/","title":{"rendered":"Portfolio"},"content":{"rendered":"\n<p>Unsere <strong>langj\u00e4hrige Erfahrung<\/strong> in der Lieferung, Verarbeitung und Verlegung von Natur- und Kunststeinen hat es uns erm\u00f6glicht, <strong>eine gro\u00dfe Vielfalt an Projekten<\/strong> zu realisieren \u2013 <strong>vom Wohnbau \u00fcber Gewerbeobjekte<\/strong> bis hin zu <strong>Industrieanlagen<\/strong>.<\/p>\n\n\n\n<div style=\"height:50px\" aria-hidden=\"true\" class=\"wp-block-spacer\"><\/div>\n\n\n\n<figure class=\"wp-block-gallery has-nested-images columns-2 is-cropped galleria-lavori wp-block-gallery-1 is-layout-flex wp-block-gallery-is-layout-flex\">\n<figure class=\"wp-block-image size-large\"><img fetchpriority=\"high\" decoding=\"async\" width=\"800\" height=\"600\" data-id=\"645\" src=\"https:\/\/artastone.it\/wp-content\/uploads\/2026\/01\/artastone-progetto-orizzontale-01.webp\" alt=\"\" class=\"wp-image-645\" srcset=\"https:\/\/artastone.it\/wp-content\/uploads\/2026\/01\/artastone-progetto-orizzontale-01.webp 800w, https:\/\/artastone.it\/wp-content\/uploads\/2026\/01\/artastone-progetto-orizzontale-01-300x225.webp 300w, https:\/\/artastone.it\/wp-content\/uploads\/2026\/01\/artastone-progetto-orizzontale-01-768x576.webp 768w\" sizes=\"(max-width: 800px) 100vw, 800px\" \/><\/figure>\n\n\n\n<figure class=\"wp-block-image size-large\"><img decoding=\"async\" width=\"800\" height=\"600\" data-id=\"643\" src=\"https:\/\/artastone.it\/wp-content\/uploads\/2026\/01\/artastone-progetto-orizzontale-02.webp\" alt=\"\" class=\"wp-image-643\" srcset=\"https:\/\/artastone.it\/wp-content\/uploads\/2026\/01\/artastone-progetto-orizzontale-02.webp 800w, https:\/\/artastone.it\/wp-content\/uploads\/2026\/01\/artastone-progetto-orizzontale-02-300x225.webp 300w, https:\/\/artastone.it\/wp-content\/uploads\/2026\/01\/artastone-progetto-orizzontale-02-768x576.webp 768w\" sizes=\"(max-width: 800px) 100vw, 800px\" \/><\/figure>\n\n\n\n<figure class=\"wp-block-image size-large\"><img decoding=\"async\" width=\"800\" height=\"600\" data-id=\"644\" src=\"https:\/\/artastone.it\/wp-content\/uploads\/2026\/01\/artastone-progetto-orizzontale-03.webp\" alt=\"\" class=\"wp-image-644\" srcset=\"https:\/\/artastone.it\/wp-content\/uploads\/2026\/01\/artastone-progetto-orizzontale-03.webp 800w, https:\/\/artastone.it\/wp-content\/uploads\/2026\/01\/artastone-progetto-orizzontale-03-300x225.webp 300w, https:\/\/artastone.it\/wp-content\/uploads\/2026\/01\/artastone-progetto-orizzontale-03-768x576.webp 768w\" sizes=\"(max-width: 800px) 100vw, 800px\" \/><\/figure>\n\n\n\n<figure class=\"wp-block-image size-large\"><img loading=\"lazy\" decoding=\"async\" width=\"800\" height=\"600\" data-id=\"642\" src=\"https:\/\/artastone.it\/wp-content\/uploads\/2026\/01\/artastone-progetto-orizzontale-04.webp\" alt=\"\" class=\"wp-image-642\" srcset=\"https:\/\/artastone.it\/wp-content\/uploads\/2026\/01\/artastone-progetto-orizzontale-04.webp 800w, https:\/\/artastone.it\/wp-content\/uploads\/2026\/01\/artastone-progetto-orizzontale-04-300x225.webp 300w, https:\/\/artastone.it\/wp-content\/uploads\/2026\/01\/artastone-progetto-orizzontale-04-768x576.webp 768w\" sizes=\"(max-width: 800px) 100vw, 800px\" \/><\/figure>\n\n\n\n<figure class=\"wp-block-image size-large\"><img loading=\"lazy\" decoding=\"async\" width=\"800\" height=\"600\" data-id=\"641\" src=\"https:\/\/artastone.it\/wp-content\/uploads\/2026\/01\/artastone-progetto-orizzontale-05.webp\" alt=\"\" class=\"wp-image-641\" srcset=\"https:\/\/artastone.it\/wp-content\/uploads\/2026\/01\/artastone-progetto-orizzontale-05.webp 800w, https:\/\/artastone.it\/wp-content\/uploads\/2026\/01\/artastone-progetto-orizzontale-05-300x225.webp 300w, https:\/\/artastone.it\/wp-content\/uploads\/2026\/01\/artastone-progetto-orizzontale-05-768x576.webp 768w\" sizes=\"(max-width: 800px) 100vw, 800px\" \/><\/figure>\n\n\n\n<figure class=\"wp-block-image size-large\"><img loading=\"lazy\" decoding=\"async\" width=\"800\" height=\"600\" data-id=\"640\" src=\"https:\/\/artastone.it\/wp-content\/uploads\/2026\/01\/artastone-progetto-orizzontale-06.webp\" alt=\"\" class=\"wp-image-640\" srcset=\"https:\/\/artastone.it\/wp-content\/uploads\/2026\/01\/artastone-progetto-orizzontale-06.webp 800w, https:\/\/artastone.it\/wp-content\/uploads\/2026\/01\/artastone-progetto-orizzontale-06-300x225.webp 300w, https:\/\/artastone.it\/wp-content\/uploads\/2026\/01\/artastone-progetto-orizzontale-06-768x576.webp 768w\" sizes=\"(max-width: 800px) 100vw, 800px\" \/><\/figure>\n\n\n\n<figure class=\"wp-block-image size-large\"><img loading=\"lazy\" decoding=\"async\" width=\"800\" height=\"600\" data-id=\"646\" src=\"https:\/\/artastone.it\/wp-content\/uploads\/2026\/01\/artastone-progetto-orizzontale-07.webp\" alt=\"\" class=\"wp-image-646\" srcset=\"https:\/\/artastone.it\/wp-content\/uploads\/2026\/01\/artastone-progetto-orizzontale-07.webp 800w, https:\/\/artastone.it\/wp-content\/uploads\/2026\/01\/artastone-progetto-orizzontale-07-300x225.webp 300w, https:\/\/artastone.it\/wp-content\/uploads\/2026\/01\/artastone-progetto-orizzontale-07-768x576.webp 768w\" sizes=\"(max-width: 800px) 100vw, 800px\" \/><\/figure>\n\n\n\n<figure class=\"wp-block-image size-large\"><img loading=\"lazy\" decoding=\"async\" width=\"800\" height=\"600\" data-id=\"648\" src=\"https:\/\/artastone.it\/wp-content\/uploads\/2026\/01\/artastone-progetto-orizzontale-08.webp\" alt=\"\" class=\"wp-image-648\" srcset=\"https:\/\/artastone.it\/wp-content\/uploads\/2026\/01\/artastone-progetto-orizzontale-08.webp 800w, https:\/\/artastone.it\/wp-content\/uploads\/2026\/01\/artastone-progetto-orizzontale-08-300x225.webp 300w, https:\/\/artastone.it\/wp-content\/uploads\/2026\/01\/artastone-progetto-orizzontale-08-768x576.webp 768w\" sizes=\"(max-width: 800px) 100vw, 800px\" \/><\/figure>\n\n\n\n<figure class=\"wp-block-image size-large\"><img loading=\"lazy\" decoding=\"async\" width=\"800\" height=\"600\" data-id=\"647\" src=\"https:\/\/artastone.it\/wp-content\/uploads\/2026\/01\/artastone-progetto-orizzontale-09.webp\" alt=\"\" class=\"wp-image-647\" srcset=\"https:\/\/artastone.it\/wp-content\/uploads\/2026\/01\/artastone-progetto-orizzontale-09.webp 800w, https:\/\/artastone.it\/wp-content\/uploads\/2026\/01\/artastone-progetto-orizzontale-09-300x225.webp 300w, https:\/\/artastone.it\/wp-content\/uploads\/2026\/01\/artastone-progetto-orizzontale-09-768x576.webp 768w\" sizes=\"(max-width: 800px) 100vw, 800px\" \/><\/figure>\n\n\n\n<figure class=\"wp-block-image size-large\"><img loading=\"lazy\" decoding=\"async\" width=\"800\" height=\"600\" data-id=\"650\" src=\"https:\/\/artastone.it\/wp-content\/uploads\/2026\/01\/artastone-progetto-orizzontale-10.webp\" alt=\"\" class=\"wp-image-650\" srcset=\"https:\/\/artastone.it\/wp-content\/uploads\/2026\/01\/artastone-progetto-orizzontale-10.webp 800w, https:\/\/artastone.it\/wp-content\/uploads\/2026\/01\/artastone-progetto-orizzontale-10-300x225.webp 300w, https:\/\/artastone.it\/wp-content\/uploads\/2026\/01\/artastone-progetto-orizzontale-10-768x576.webp 768w\" sizes=\"(max-width: 800px) 100vw, 800px\" \/><\/figure>\n\n\n\n<figure class=\"wp-block-image size-large\"><img loading=\"lazy\" decoding=\"async\" width=\"800\" height=\"600\" data-id=\"649\" src=\"https:\/\/artastone.it\/wp-content\/uploads\/2026\/01\/artastone-progetto-orizzontale-11.webp\" alt=\"\" class=\"wp-image-649\" srcset=\"https:\/\/artastone.it\/wp-content\/uploads\/2026\/01\/artastone-progetto-orizzontale-11.webp 800w, https:\/\/artastone.it\/wp-content\/uploads\/2026\/01\/artastone-progetto-orizzontale-11-300x225.webp 300w, https:\/\/artastone.it\/wp-content\/uploads\/2026\/01\/artastone-progetto-orizzontale-11-768x576.webp 768w\" sizes=\"(max-width: 800px) 100vw, 800px\" \/><\/figure>\n\n\n\n<figure class=\"wp-block-image size-large\"><img loading=\"lazy\" decoding=\"async\" width=\"800\" height=\"600\" data-id=\"651\" src=\"https:\/\/artastone.it\/wp-content\/uploads\/2026\/01\/artastone-progetto-orizzontale-12.webp\" alt=\"\" class=\"wp-image-651\" srcset=\"https:\/\/artastone.it\/wp-content\/uploads\/2026\/01\/artastone-progetto-orizzontale-12.webp 800w, https:\/\/artastone.it\/wp-content\/uploads\/2026\/01\/artastone-progetto-orizzontale-12-300x225.webp 300w, https:\/\/artastone.it\/wp-content\/uploads\/2026\/01\/artastone-progetto-orizzontale-12-768x576.webp 768w\" sizes=\"(max-width: 800px) 100vw, 800px\" \/><\/figure>\n\n\n\n<figure class=\"wp-block-image size-large\"><img loading=\"lazy\" decoding=\"async\" width=\"800\" height=\"600\" data-id=\"652\" src=\"https:\/\/artastone.it\/wp-content\/uploads\/2026\/01\/artastone-progetto-orizzontale-13.webp\" alt=\"\" class=\"wp-image-652\" srcset=\"https:\/\/artastone.it\/wp-content\/uploads\/2026\/01\/artastone-progetto-orizzontale-13.webp 800w, https:\/\/artastone.it\/wp-content\/uploads\/2026\/01\/artastone-progetto-orizzontale-13-300x225.webp 300w, https:\/\/artastone.it\/wp-content\/uploads\/2026\/01\/artastone-progetto-orizzontale-13-768x576.webp 768w\" sizes=\"(max-width: 800px) 100vw, 800px\" \/><\/figure>\n\n\n\n<figure class=\"wp-block-image size-large\"><img loading=\"lazy\" decoding=\"async\" width=\"800\" height=\"600\" data-id=\"653\" src=\"https:\/\/artastone.it\/wp-content\/uploads\/2026\/01\/artastone-progetto-orizzontale-14.webp\" alt=\"\" class=\"wp-image-653\" srcset=\"https:\/\/artastone.it\/wp-content\/uploads\/2026\/01\/artastone-progetto-orizzontale-14.webp 800w, https:\/\/artastone.it\/wp-content\/uploads\/2026\/01\/artastone-progetto-orizzontale-14-300x225.webp 300w, https:\/\/artastone.it\/wp-content\/uploads\/2026\/01\/artastone-progetto-orizzontale-14-768x576.webp 768w\" sizes=\"(max-width: 800px) 100vw, 800px\" \/><\/figure>\n\n\n\n<figure class=\"wp-block-image size-large\"><img loading=\"lazy\" decoding=\"async\" width=\"600\" height=\"800\" data-id=\"655\" src=\"https:\/\/artastone.it\/wp-content\/uploads\/2026\/01\/artastone-progetto-verticale-01.webp\" alt=\"\" class=\"wp-image-655\" srcset=\"https:\/\/artastone.it\/wp-content\/uploads\/2026\/01\/artastone-progetto-verticale-01.webp 600w, https:\/\/artastone.it\/wp-content\/uploads\/2026\/01\/artastone-progetto-verticale-01-225x300.webp 225w\" sizes=\"(max-width: 600px) 100vw, 600px\" \/><\/figure>\n\n\n\n<figure class=\"wp-block-image size-large\"><img loading=\"lazy\" decoding=\"async\" width=\"600\" height=\"800\" data-id=\"654\" src=\"https:\/\/artastone.it\/wp-content\/uploads\/2026\/01\/artastone-progetto-verticale-02.webp\" alt=\"\" class=\"wp-image-654\" srcset=\"https:\/\/artastone.it\/wp-content\/uploads\/2026\/01\/artastone-progetto-verticale-02.webp 600w, https:\/\/artastone.it\/wp-content\/uploads\/2026\/01\/artastone-progetto-verticale-02-225x300.webp 225w\" sizes=\"(max-width: 600px) 100vw, 600px\" \/><\/figure>\n\n\n\n<figure class=\"wp-block-image size-large\"><img loading=\"lazy\" decoding=\"async\" width=\"600\" height=\"800\" data-id=\"658\" src=\"https:\/\/artastone.it\/wp-content\/uploads\/2026\/01\/artastone-progetto-verticale-03.webp\" alt=\"\" class=\"wp-image-658\" srcset=\"https:\/\/artastone.it\/wp-content\/uploads\/2026\/01\/artastone-progetto-verticale-03.webp 600w, https:\/\/artastone.it\/wp-content\/uploads\/2026\/01\/artastone-progetto-verticale-03-225x300.webp 225w\" sizes=\"(max-width: 600px) 100vw, 600px\" \/><\/figure>\n\n\n\n<figure class=\"wp-block-image size-large\"><img loading=\"lazy\" decoding=\"async\" width=\"600\" height=\"800\" data-id=\"659\" src=\"https:\/\/artastone.it\/wp-content\/uploads\/2026\/01\/artastone-progetto-verticale-04.webp\" alt=\"\" class=\"wp-image-659\" srcset=\"https:\/\/artastone.it\/wp-content\/uploads\/2026\/01\/artastone-progetto-verticale-04.webp 600w, https:\/\/artastone.it\/wp-content\/uploads\/2026\/01\/artastone-progetto-verticale-04-225x300.webp 225w\" sizes=\"(max-width: 600px) 100vw, 600px\" \/><\/figure>\n\n\n\n<figure class=\"wp-block-image size-large\"><img loading=\"lazy\" decoding=\"async\" width=\"600\" height=\"800\" data-id=\"657\" src=\"https:\/\/artastone.it\/wp-content\/uploads\/2026\/01\/artastone-progetto-verticale-05.webp\" alt=\"\" class=\"wp-image-657\" srcset=\"https:\/\/artastone.it\/wp-content\/uploads\/2026\/01\/artastone-progetto-verticale-05.webp 600w, https:\/\/artastone.it\/wp-content\/uploads\/2026\/01\/artastone-progetto-verticale-05-225x300.webp 225w\" sizes=\"(max-width: 600px) 100vw, 600px\" \/><\/figure>\n\n\n\n<figure class=\"wp-block-image size-large\"><img loading=\"lazy\" decoding=\"async\" width=\"600\" height=\"800\" data-id=\"656\" src=\"https:\/\/artastone.it\/wp-content\/uploads\/2026\/01\/artastone-progetto-verticale-06.webp\" alt=\"\" class=\"wp-image-656\" srcset=\"https:\/\/artastone.it\/wp-content\/uploads\/2026\/01\/artastone-progetto-verticale-06.webp 600w, https:\/\/artastone.it\/wp-content\/uploads\/2026\/01\/artastone-progetto-verticale-06-225x300.webp 225w\" sizes=\"(max-width: 600px) 100vw, 600px\" \/><\/figure>\n\n\n\n<figure class=\"wp-block-image size-large\"><img loading=\"lazy\" decoding=\"async\" width=\"600\" height=\"800\" data-id=\"660\" src=\"https:\/\/artastone.it\/wp-content\/uploads\/2026\/01\/artastone-progetto-verticale-07.webp\" alt=\"\" class=\"wp-image-660\" srcset=\"https:\/\/artastone.it\/wp-content\/uploads\/2026\/01\/artastone-progetto-verticale-07.webp 600w, https:\/\/artastone.it\/wp-content\/uploads\/2026\/01\/artastone-progetto-verticale-07-225x300.webp 225w\" sizes=\"(max-width: 600px) 100vw, 600px\" \/><\/figure>\n\n\n\n<figure class=\"wp-block-image size-large\"><img loading=\"lazy\" decoding=\"async\" width=\"600\" height=\"800\" data-id=\"661\" src=\"https:\/\/artastone.it\/wp-content\/uploads\/2026\/01\/artastone-progetto-verticale-08.webp\" alt=\"\" class=\"wp-image-661\" srcset=\"https:\/\/artastone.it\/wp-content\/uploads\/2026\/01\/artastone-progetto-verticale-08.webp 600w, https:\/\/artastone.it\/wp-content\/uploads\/2026\/01\/artastone-progetto-verticale-08-225x300.webp 225w\" sizes=\"(max-width: 600px) 100vw, 600px\" \/><\/figure>\n<\/figure>\n","protected":false},"excerpt":{"rendered":"<p>Unsere langj\u00e4hrige Erfahrung in der Lieferung, Verarbeitung und Verlegung von Natur- und Kunststeinen hat es uns erm\u00f6glicht, eine gro\u00dfe Vielfalt an Projekten zu realisieren \u2013 vom Wohnbau \u00fcber Gewerbeobjekte bis hin zu Industrieanlagen.<\/p>\n","protected":false},"author":1,"featured_media":0,"parent":0,"menu_order":0,"comment_status":"closed","ping_status":"closed","template":"","meta":{"_acf_changed":false,"footnotes":""},"class_list":["post-1967","page","type-page","status-publish","hentry"],"acf":[],"_links":{"self":[{"href":"https:\/\/artastone.it\/de\/wp-json\/wp\/v2\/pages\/1967","targetHints":{"allow":["GET"]}}],"collection":[{"href":"https:\/\/artastone.it\/de\/wp-json\/wp\/v2\/pages"}],"about":[{"href":"https:\/\/artastone.it\/de\/wp-json\/wp\/v2\/types\/page"}],"author":[{"embeddable":true,"href":"https:\/\/artastone.it\/de\/wp-json\/wp\/v2\/users\/1"}],"replies":[{"embeddable":true,"href":"https:\/\/artastone.it\/de\/wp-json\/wp\/v2\/comments?post=1967"}],"version-history":[{"count":2,"href":"https:\/\/artastone.it\/de\/wp-json\/wp\/v2\/pages\/1967\/revisions"}],"predecessor-version":[{"id":2294,"href":"https:\/\/artastone.it\/de\/wp-json\/wp\/v2\/pages\/1967\/revisions\/2294"}],"wp:attachment":[{"href":"https:\/\/artastone.it\/de\/wp-json\/wp\/v2\/media?parent=1967"}],"curies":[{"name":"wp","href":"https:\/\/api.w.org\/{rel}","templated":true}]}}