{"id":1941,"date":"2025-12-15T16:46:06","date_gmt":"2025-12-15T15:46:06","guid":{"rendered":"https:\/\/artastone.it\/materialien\/"},"modified":"2026-03-25T10:48:30","modified_gmt":"2026-03-25T09:48:30","slug":"materialien","status":"publish","type":"page","link":"https:\/\/artastone.it\/de\/materialien\/","title":{"rendered":"Materialien"},"content":{"rendered":"\n<p>Unsere umfangreiche Auswahl an <strong>hochwertigen Natursteinmaterialien<\/strong>, die sorgf\u00e4ltig in <strong>italienischen und europ\u00e4ischen Steinbr\u00fcchen<\/strong> ausgew\u00e4hlt und mit modernsten <strong>Verarbeitungstechniken<\/strong> bearbeitet werden, eignet sich ideal f\u00fcr anspruchsvolle <strong>Design<\/strong>, <strong>Architektur und Bauprojekte<\/strong>.<\/p>\n","protected":false},"excerpt":{"rendered":"<p>Unsere umfangreiche Auswahl an hochwertigen Natursteinmaterialien, die sorgf\u00e4ltig in italienischen und europ\u00e4ischen Steinbr\u00fcchen ausgew\u00e4hlt und mit modernsten Verarbeitungstechniken bearbeitet werden, eignet sich ideal f\u00fcr anspruchsvolle Design, Architektur und Bauprojekte.<\/p>\n","protected":false},"author":1,"featured_media":0,"parent":0,"menu_order":0,"comment_status":"closed","ping_status":"closed","template":"","meta":{"_acf_changed":false,"footnotes":""},"class_list":["post-1941","page","type-page","status-publish","hentry"],"acf":[],"_links":{"self":[{"href":"https:\/\/artastone.it\/de\/wp-json\/wp\/v2\/pages\/1941","targetHints":{"allow":["GET"]}}],"collection":[{"href":"https:\/\/artastone.it\/de\/wp-json\/wp\/v2\/pages"}],"about":[{"href":"https:\/\/artastone.it\/de\/wp-json\/wp\/v2\/types\/page"}],"author":[{"embeddable":true,"href":"https:\/\/artastone.it\/de\/wp-json\/wp\/v2\/users\/1"}],"replies":[{"embeddable":true,"href":"https:\/\/artastone.it\/de\/wp-json\/wp\/v2\/comments?post=1941"}],"version-history":[{"count":6,"href":"https:\/\/artastone.it\/de\/wp-json\/wp\/v2\/pages\/1941\/revisions"}],"predecessor-version":[{"id":2321,"href":"https:\/\/artastone.it\/de\/wp-json\/wp\/v2\/pages\/1941\/revisions\/2321"}],"wp:attachment":[{"href":"https:\/\/artastone.it\/de\/wp-json\/wp\/v2\/media?parent=1941"}],"curies":[{"name":"wp","href":"https:\/\/api.w.org\/{rel}","templated":true}]}}