{"id":1928,"date":"2025-12-15T16:43:52","date_gmt":"2025-12-15T15:43:52","guid":{"rendered":"https:\/\/artastone.it\/unternehmen\/"},"modified":"2026-03-25T18:00:24","modified_gmt":"2026-03-25T17:00:24","slug":"unternehmen","status":"publish","type":"page","link":"https:\/\/artastone.it\/de\/unternehmen\/","title":{"rendered":"Unternehmen"},"content":{"rendered":"\t\t<div data-elementor-type=\"wp-page\" data-elementor-id=\"1928\" class=\"elementor elementor-1928 elementor-24\" data-elementor-post-type=\"page\">\n\t\t\t\t<div class=\"elementor-element elementor-element-cb71a4e e-flex e-con-boxed e-con e-parent\" data-id=\"cb71a4e\" data-element_type=\"container\" data-e-type=\"container\" data-settings=\"{&quot;background_background&quot;:&quot;classic&quot;}\">\n\t\t\t\t\t<div class=\"e-con-inner\">\n\t\t\t\t<div class=\"elementor-element elementor-element-4867533 elementor-widget elementor-widget-heading\" data-id=\"4867533\" data-element_type=\"widget\" data-e-type=\"widget\" data-widget_type=\"heading.default\">\n\t\t\t\t\t<h1 class=\"elementor-heading-title elementor-size-default\">Unternehmen<\/h1>\t\t\t\t<\/div>\n\t\t\t\t\t<\/div>\n\t\t\t\t<\/div>\n\t\t<div class=\"elementor-element elementor-element-4d867b8 e-flex e-con-boxed e-con e-parent\" data-id=\"4d867b8\" data-element_type=\"container\" data-e-type=\"container\">\n\t\t\t\t\t<div class=\"e-con-inner\">\n\t\t<div class=\"elementor-element elementor-element-67f0cb9 e-con-full e-flex e-con e-child\" data-id=\"67f0cb9\" data-element_type=\"container\" data-e-type=\"container\">\n\t\t<div class=\"elementor-element elementor-element-e07d837 e-con-full e-flex e-con e-child\" data-id=\"e07d837\" data-element_type=\"container\" data-e-type=\"container\">\n\t\t<div class=\"elementor-element elementor-element-02b0e1d e-con-full animated-fast e-flex elementor-invisible e-con e-child\" data-id=\"02b0e1d\" data-element_type=\"container\" data-e-type=\"container\" data-settings=\"{&quot;background_background&quot;:&quot;classic&quot;,&quot;animation&quot;:&quot;slideInLeft&quot;}\">\n\t\t\t\t<div class=\"elementor-element elementor-element-e57e09f elementor-widget elementor-widget-heading\" data-id=\"e57e09f\" data-element_type=\"widget\" data-e-type=\"widget\" data-widget_type=\"heading.default\">\n\t\t\t\t\t<h2 class=\"elementor-heading-title elementor-size-default\">Erfahrung, Leidenschaft<br> und echte Handwerkskunst<\/h2>\t\t\t\t<\/div>\n\t\t\t\t<\/div>\n\t\t\t\t<div class=\"elementor-element elementor-element-fd10e0f elementor-widget elementor-widget-text-editor\" data-id=\"fd10e0f\" data-element_type=\"widget\" data-e-type=\"widget\" data-widget_type=\"text-editor.default\">\n\t\t\t\t\t\t\t\t\t<p><strong>Arta\u2019 Stone<\/strong> entstand aus der jahrzehntelangen Erfahrung des traditionsreichen <strong>Mutterunternehmens Defra Srl<\/strong>, gegr\u00fcndet im Jahr 1990. Von dort haben wir ein <strong>spezialisiertes Know-how<\/strong> \u00fcbernommen, das uns erm\u00f6glicht hat, zu wachsen, uns weiterzuentwickeln und unser Angebot stetig auszubauen.<\/p>\n<p>Heute z\u00e4hlen wir in <strong>Italien<\/strong> und <strong>Europa<\/strong> zu den f\u00fchrenden Anbietern f\u00fcr <strong>hochwertige Natursteine<\/strong> und <strong>Kunststeine<\/strong> sowie f\u00fcr <strong>professionelle Dienstleistungen<\/strong> in der <strong>Lieferung<\/strong>, <strong>Bearbeitung<\/strong> und <strong>Verlegung<\/strong> von Steinmaterialien.<\/p>\n<p>Dank unserer <strong>langj\u00e4hrigen Erfahrung<\/strong> und fundierten <strong>technischen Kompetenz<\/strong> bieten wir <strong>Unternehmen<\/strong>, <strong>Privatkunden<\/strong> und <strong>Bauprofis<\/strong> eine <strong>fachkundige Beratung<\/strong> und <strong>ma\u00dfgeschneiderte L\u00f6sungen<\/strong>, die jede Anforderung pr\u00e4zise erf\u00fcllen.<\/p>\n<p>Mit <strong>Professionalit\u00e4t<\/strong>, <strong>Erfahrung<\/strong> und <strong>Innovationskraft<\/strong> begleiten wir unsere Kunden in jeder Projektphase und gew\u00e4hrleisten <strong>zuverl\u00e4ssige Abl\u00e4ufe<\/strong>, <strong>technische Beratung<\/strong> und <strong>Ergebnisse auf h\u00f6chstem Niveau<\/strong>.<\/p>\n\t\t\t\t\t\t\t\t<\/div>\n\t\t\t\t<div class=\"elementor-element elementor-element-de45858 elementor-tablet-align-left elementor-invisible elementor-widget elementor-widget-button\" data-id=\"de45858\" data-element_type=\"widget\" data-e-type=\"widget\" data-settings=\"{&quot;_animation&quot;:&quot;bounce&quot;}\" data-widget_type=\"button.default\">\n\t\t\t\t\t\t\t\t\t\t<a class=\"elementor-button elementor-button-link elementor-size-sm\" href=\"https:\/\/artastone.it\/de\/team\/\">\n\t\t\t\t\t\t<span class=\"elementor-button-content-wrapper\">\n\t\t\t\t\t\t\t\t\t<span class=\"elementor-button-text\">Unser Team<\/span>\n\t\t\t\t\t<\/span>\n\t\t\t\t\t<\/a>\n\t\t\t\t\t\t\t\t<\/div>\n\t\t\t\t<\/div>\n\t\t<div class=\"elementor-element elementor-element-760f7ca e-con-full elementor-hidden-tablet animated-fast e-flex elementor-invisible e-con e-child\" data-id=\"760f7ca\" data-element_type=\"container\" data-e-type=\"container\" data-settings=\"{&quot;animation&quot;:&quot;slideInRight&quot;}\">\n\t\t\t\t<div class=\"elementor-element elementor-element-0a18674 elementor-widget elementor-widget-image\" data-id=\"0a18674\" data-element_type=\"widget\" data-e-type=\"widget\" data-widget_type=\"image.default\">\n\t\t\t\t\t\t\t\t\t\t\t\t\t\t\t<img fetchpriority=\"high\" decoding=\"async\" width=\"500\" height=\"600\" src=\"https:\/\/artastone.it\/wp-content\/uploads\/2026\/03\/spirito-artigianale.webp\" class=\"attachment-large size-large wp-image-1934\" alt=\"Handwerklicher Geist\" srcset=\"https:\/\/artastone.it\/wp-content\/uploads\/2026\/03\/spirito-artigianale.webp 500w, https:\/\/artastone.it\/wp-content\/uploads\/2026\/03\/spirito-artigianale-250x300.webp 250w\" sizes=\"(max-width: 500px) 100vw, 500px\" \/>\t\t\t\t\t\t\t\t\t\t\t\t\t\t\t<\/div>\n\t\t\t\t<\/div>\n\t\t\t\t<\/div>\n\t\t\t\t\t<\/div>\n\t\t\t\t<\/div>\n\t\t<div class=\"elementor-element elementor-element-6e76531 e-flex e-con-boxed e-con e-parent\" data-id=\"6e76531\" data-element_type=\"container\" data-e-type=\"container\" data-settings=\"{&quot;background_background&quot;:&quot;classic&quot;}\">\n\t\t\t\t\t<div class=\"e-con-inner\">\n\t\t<div class=\"elementor-element elementor-element-b579593 e-con-full animated-fast elementor-hidden-tablet e-flex elementor-invisible e-con e-child\" data-id=\"b579593\" data-element_type=\"container\" data-e-type=\"container\" data-settings=\"{&quot;background_background&quot;:&quot;classic&quot;,&quot;animation&quot;:&quot;slideInLeft&quot;}\">\n\t\t\t\t<\/div>\n\t\t<div class=\"elementor-element elementor-element-f63cb64 e-con-full e-flex e-con e-child\" data-id=\"f63cb64\" data-element_type=\"container\" data-e-type=\"container\">\n\t\t<div class=\"elementor-element elementor-element-edb5d13 e-con-full animated-fast e-flex elementor-invisible e-con e-child\" data-id=\"edb5d13\" data-element_type=\"container\" data-e-type=\"container\" data-settings=\"{&quot;background_background&quot;:&quot;classic&quot;,&quot;animation&quot;:&quot;slideInRight&quot;}\">\n\t\t\t\t<div class=\"elementor-element elementor-element-a9aedc7 elementor-widget elementor-widget-heading\" data-id=\"a9aedc7\" data-element_type=\"widget\" data-e-type=\"widget\" data-widget_type=\"heading.default\">\n\t\t\t\t\t<h2 class=\"elementor-heading-title elementor-size-default\">R\u00e4ume durch die Sch\u00f6nheit des Steins aufwerten<\/h2>\t\t\t\t<\/div>\n\t\t\t\t<\/div>\n\t\t\t\t<div class=\"elementor-element elementor-element-acb3484 elementor-widget elementor-widget-text-editor\" data-id=\"acb3484\" data-element_type=\"widget\" data-e-type=\"widget\" data-widget_type=\"text-editor.default\">\n\t\t\t\t\t\t\t\t\t<p>Unsere Mission ist es, <strong>individuelle L\u00f6sungen<\/strong> f\u00fcr die Lieferung und Verlegung von Naturstein und Kunststein anzubieten \u2013 L\u00f6sungen, die jeden Raum durch <strong>Eleganz<\/strong>, <strong>Sorgfalt<\/strong> und <strong>langfristige Best\u00e4ndigkeit<\/strong> aufwerten.<\/p>\n<p>Wir glauben an die St\u00e4rke <strong>unserer Wurzeln<\/strong> und an unser <strong>kontinuierliches Wachstum<\/strong>: Wir investieren in neues Fachwissen, innovative Projekte und pflegen den <strong>handwerklichen Geist<\/strong>, der uns auszeichnet.<\/p>\n<p>Unser Ziel ist es, die <strong>nat\u00fcrliche Sch\u00f6nheit<\/strong> des Steins in hochwertige Werke zu verwandeln und die <strong>Erwartungen<\/strong> all jener zu <strong>erf\u00fcllen<\/strong>, die uns ihre Design- und Architekturprojekte anvertrauen.<\/p>\n\t\t\t\t\t\t\t\t<\/div>\n\t\t\t\t<\/div>\n\t\t\t\t\t<\/div>\n\t\t\t\t<\/div>\n\t\t<div class=\"elementor-element elementor-element-7055638 e-flex e-con-boxed e-con e-parent\" data-id=\"7055638\" data-element_type=\"container\" data-e-type=\"container\">\n\t\t\t\t\t<div class=\"e-con-inner\">\n\t\t<div class=\"elementor-element elementor-element-0561c89 e-con-full e-flex e-con e-child\" data-id=\"0561c89\" data-element_type=\"container\" data-e-type=\"container\">\n\t\t<div class=\"elementor-element elementor-element-9d50d7d e-con-full e-flex e-con e-child\" data-id=\"9d50d7d\" data-element_type=\"container\" data-e-type=\"container\">\n\t\t<div class=\"elementor-element elementor-element-a6fbde7 e-con-full e-flex elementor-invisible e-con e-child\" data-id=\"a6fbde7\" data-element_type=\"container\" data-e-type=\"container\" data-settings=\"{&quot;background_background&quot;:&quot;classic&quot;,&quot;animation&quot;:&quot;slideInLeft&quot;}\">\n\t\t\t\t<div class=\"elementor-element elementor-element-71ac709 elementor-widget elementor-widget-heading\" data-id=\"71ac709\" data-element_type=\"widget\" data-e-type=\"widget\" data-widget_type=\"heading.default\">\n\t\t\t\t\t<h2 class=\"elementor-heading-title elementor-size-default\">Gemeinsam wachsen<br> \u2013 f\u00fcr eine bessere Zukunft<\/h2>\t\t\t\t<\/div>\n\t\t\t\t<\/div>\n\t\t\t\t<div class=\"elementor-element elementor-element-55f7b50 elementor-widget elementor-widget-text-editor\" data-id=\"55f7b50\" data-element_type=\"widget\" data-e-type=\"widget\" data-widget_type=\"text-editor.default\">\n\t\t\t\t\t\t\t\t\t<p>Wir blicken in eine Zukunft, in der die Sch\u00f6nheit, Funktionalit\u00e4t und Qualit\u00e4t unserer Projekte zur Aufwertung <strong>\u00f6ffentlicher und privater R\u00e4ume<\/strong> beitragen und den zeitlosen Charme von Naturstein unterstreichen.<\/p>\n<p>Wir m\u00f6chten gemeinsam <strong>mit unseren Kunden<\/strong> und unserer Region <strong>wachsen<\/strong>, <strong>Nachhaltigkeit f\u00f6rdern<\/strong>, <strong>innovative L\u00f6sungen<\/strong> entwickeln und unser Fachwissen kontinuierlich erweitern.<\/p>\n<p>Unser Anspruch ist es, <strong>Kundenzufriedenheit<\/strong> zu gew\u00e4hrleisten und <strong>dauerhafte Werte<\/strong> zu schaffen \u2013 mit Dienstleistungen in Produktion, Lieferung und Verlegung, die f\u00fcr <strong>Exzellenz<\/strong>, <strong>Leidenschaft<\/strong>, <strong>Professionalit\u00e4t<\/strong> und <strong>Respekt<\/strong> f\u00fcr die Umwelt stehen.<\/p>\n\t\t\t\t\t\t\t\t<\/div>\n\t\t\t\t<div class=\"elementor-element elementor-element-7c8e327 elementor-tablet-align-left elementor-invisible elementor-widget elementor-widget-button\" data-id=\"7c8e327\" data-element_type=\"widget\" data-e-type=\"widget\" data-settings=\"{&quot;_animation&quot;:&quot;bounceIn&quot;}\" data-widget_type=\"button.default\">\n\t\t\t\t\t\t\t\t\t\t<a class=\"elementor-button elementor-button-link elementor-size-sm\" href=\"https:\/\/artastone.it\/de\/leistungen\/\">\n\t\t\t\t\t\t<span class=\"elementor-button-content-wrapper\">\n\t\t\t\t\t\t\t\t\t<span class=\"elementor-button-text\">Unsere Leistungen<\/span>\n\t\t\t\t\t<\/span>\n\t\t\t\t\t<\/a>\n\t\t\t\t\t\t\t\t<\/div>\n\t\t\t\t<\/div>\n\t\t<div class=\"elementor-element elementor-element-b009ec6 e-con-full elementor-hidden-tablet animated-fast e-flex elementor-invisible e-con e-child\" data-id=\"b009ec6\" data-element_type=\"container\" data-e-type=\"container\" data-settings=\"{&quot;animation&quot;:&quot;slideInRight&quot;}\">\n\t\t\t\t<div class=\"elementor-element elementor-element-b60bc7a elementor-widget elementor-widget-image\" data-id=\"b60bc7a\" data-element_type=\"widget\" data-e-type=\"widget\" data-widget_type=\"image.default\">\n\t\t\t\t\t\t\t\t\t\t\t\t\t\t\t<img decoding=\"async\" width=\"528\" height=\"600\" src=\"https:\/\/artastone.it\/wp-content\/uploads\/2026\/03\/rispetto-per-ambiente.webp\" class=\"attachment-large size-large wp-image-1933\" alt=\"Respekt f\u00fcr die Umwelt\" srcset=\"https:\/\/artastone.it\/wp-content\/uploads\/2026\/03\/rispetto-per-ambiente.webp 528w, https:\/\/artastone.it\/wp-content\/uploads\/2026\/03\/rispetto-per-ambiente-264x300.webp 264w\" sizes=\"(max-width: 528px) 100vw, 528px\" \/>\t\t\t\t\t\t\t\t\t\t\t\t\t\t\t<\/div>\n\t\t\t\t<\/div>\n\t\t\t\t<\/div>\n\t\t\t\t\t<\/div>\n\t\t\t\t<\/div>\n\t\t\t\t<\/div>\n\t\t","protected":false},"excerpt":{"rendered":"<p>Unternehmen Erfahrung, Leidenschaft und echte Handwerkskunst Unser Team R\u00e4ume durch die Sch\u00f6nheit des Steins aufwerten Gemeinsam wachsen \u2013 f\u00fcr eine bessere Zukunft Unsere Leistungen<\/p>\n","protected":false},"author":1,"featured_media":0,"parent":0,"menu_order":0,"comment_status":"closed","ping_status":"closed","template":"","meta":{"_acf_changed":false,"footnotes":""},"class_list":["post-1928","page","type-page","status-publish","hentry"],"acf":[],"_links":{"self":[{"href":"https:\/\/artastone.it\/de\/wp-json\/wp\/v2\/pages\/1928","targetHints":{"allow":["GET"]}}],"collection":[{"href":"https:\/\/artastone.it\/de\/wp-json\/wp\/v2\/pages"}],"about":[{"href":"https:\/\/artastone.it\/de\/wp-json\/wp\/v2\/types\/page"}],"author":[{"embeddable":true,"href":"https:\/\/artastone.it\/de\/wp-json\/wp\/v2\/users\/1"}],"replies":[{"embeddable":true,"href":"https:\/\/artastone.it\/de\/wp-json\/wp\/v2\/comments?post=1928"}],"version-history":[{"count":18,"href":"https:\/\/artastone.it\/de\/wp-json\/wp\/v2\/pages\/1928\/revisions"}],"predecessor-version":[{"id":2440,"href":"https:\/\/artastone.it\/de\/wp-json\/wp\/v2\/pages\/1928\/revisions\/2440"}],"wp:attachment":[{"href":"https:\/\/artastone.it\/de\/wp-json\/wp\/v2\/media?parent=1928"}],"curies":[{"name":"wp","href":"https:\/\/api.w.org\/{rel}","templated":true}]}}